{"id":557,"date":"2025-03-21T09:25:22","date_gmt":"2025-03-21T08:25:22","guid":{"rendered":"https:\/\/natachafarquet.ch\/?page_id=557"},"modified":"2025-03-21T09:29:13","modified_gmt":"2025-03-21T08:29:13","slug":"bookagogo-est-en-pause","status":"publish","type":"page","link":"https:\/\/natachafarquet.ch\/index.php\/bookagogo-est-en-pause\/","title":{"rendered":"BOOKaGoGo"},"content":{"rendered":"\n<p>BOOKaGoGo est en pause pour le moment, mais il va bient\u00f4t revenir sous une nouvelle forme !<\/p>\n\n\n\n<p>Merci d&#8217;avoir particip\u00e9 \u00e0 l&#8217;aventure !<\/p>\n","protected":false},"excerpt":{"rendered":"<p>BOOKaGoGo est en pause pour le moment, mais il va bient\u00f4t revenir sous une nouvelle forme ! Merci d&#8217;avoir particip\u00e9 \u00e0 l&#8217;aventure !<\/p>\n","protected":false},"author":1,"featured_media":0,"parent":0,"menu_order":0,"comment_status":"closed","ping_status":"closed","template":"","meta":{"inline_featured_image":false,"_monsterinsights_skip_tracking":false,"_monsterinsights_sitenote_active":false,"_monsterinsights_sitenote_note":"","_monsterinsights_sitenote_category":0,"_kadence_starter_templates_imported_post":false,"footnotes":""},"class_list":["post-557","page","type-page","status-publish","hentry"],"_links":{"self":[{"href":"https:\/\/natachafarquet.ch\/index.php\/wp-json\/wp\/v2\/pages\/557","targetHints":{"allow":["GET"]}}],"collection":[{"href":"https:\/\/natachafarquet.ch\/index.php\/wp-json\/wp\/v2\/pages"}],"about":[{"href":"https:\/\/natachafarquet.ch\/index.php\/wp-json\/wp\/v2\/types\/page"}],"author":[{"embeddable":true,"href":"https:\/\/natachafarquet.ch\/index.php\/wp-json\/wp\/v2\/users\/1"}],"replies":[{"embeddable":true,"href":"https:\/\/natachafarquet.ch\/index.php\/wp-json\/wp\/v2\/comments?post=557"}],"version-history":[{"count":3,"href":"https:\/\/natachafarquet.ch\/index.php\/wp-json\/wp\/v2\/pages\/557\/revisions"}],"predecessor-version":[{"id":559,"href":"https:\/\/natachafarquet.ch\/index.php\/wp-json\/wp\/v2\/pages\/557\/revisions\/559"}],"wp:attachment":[{"href":"https:\/\/natachafarquet.ch\/index.php\/wp-json\/wp\/v2\/media?parent=557"}],"curies":[{"name":"wp","href":"https:\/\/api.w.org\/{rel}","templated":true}]}}