{"id":13,"date":"2024-02-28T15:10:52","date_gmt":"2024-02-28T15:10:52","guid":{"rendered":"https:\/\/bookagogo.ch\/?page_id=13"},"modified":"2024-03-29T11:18:44","modified_gmt":"2024-03-29T10:18:44","slug":"bookagogo","status":"publish","type":"page","link":"https:\/\/natachafarquet.ch\/index.php\/bookagogo\/","title":{"rendered":"BOOKaGoGo"},"content":{"rendered":"\n<h5 class=\"wp-block-heading has-text-align-center\">Pars \u00e0 la chasse aux livres !<\/h5>\n\n\n\n<h6 class=\"wp-block-heading has-text-align-center has-body-text-color has-text-color has-link-color wp-elements-aa3e5a4aba1c6308abc0204cc868c657\"><strong>Un jeu grandeur nature et gratuit<\/strong><\/h6>\n\n\n\n<div class=\"wp-block-kadence-column kadence-column38039_275cc7-d6 kvs-lg-false kvs-md-false\"><div class=\"kt-inside-inner-col\">\n<div class=\"wp-block-group is-vertical is-layout-flex wp-container-core-group-is-layout-fe9cc265 wp-block-group-is-layout-flex\">\n<iframe src=\"https:\/\/play.bookagogo.ch\/book-map\" style=\"width: 100%; height: 100%; min-height: 400px\" frameBorder=\"0\" scrolling=\"no\"><\/iframe>\n\n\n\n<div class=\"wp-block-kadence-column kadence-column416_d71b00-02\"><div class=\"kt-inside-inner-col\">\n<p>En v\u00e9ritable D\u00e9tective, voici ta <strong>mission<\/strong> :<\/p>\n\n\n\n<ul class=\"wp-block-list\">\n<li>tu cherches des livres qui te plaisent<\/li>\n\n\n\n<li>et tu en caches pour les autres D\u00e9tectives<\/li>\n<\/ul>\n\n\n\n<p><em>Attention Sherlock : pour ne pas d\u00e9voiler tes cachettes trop facilement, tu peux cr\u00e9er un code secret. Ici, on fait marcher ses jambes et sa t\u00eate !!<\/em><\/p>\n\n\n\n<p>Plus tu caches de livres et plus tu en trouves, plus tu r\u00e9coltes des points sur ton compte, jusqu&#8217;\u00e0 atteindre le niveau EXPERT. Tu recevras alors un <strong>cadeau<\/strong> de ma part, et tu participeras \u00e0 un tirage au sort pour gagner un <strong>bapt\u00eame de l&#8217;air<\/strong> en h\u00e9licopt\u00e8re avec <a href=\"https:\/\/www.air-glaciers.ch\/\" target=\"_blank\" rel=\"noreferrer noopener\">Air-Glaciers<\/a>.<\/p>\n\n\n\n<p>Alors, on y va ? Il suffit de te cr\u00e9er un <strong>compte D\u00e9tective<\/strong> :<\/p>\n\n\n\n<div class=\"wp-block-buttons has-custom-font-size has-regular-font-size is-layout-flex wp-block-buttons-is-layout-flex\">\n<div class=\"wp-block-button has-custom-width wp-block-button__width-100\"><a class=\"wp-block-button__link has-body-text-background-color has-background wp-element-button\" href=\"https:\/\/play.bookagogo.ch\"> \ud83d\udc49\ud83c\udffb ici \ud83d\udc48\ud83c\udffb<\/a><\/div>\n<\/div>\n\n\n\n<div class=\"wp-block-kadence-spacer aligncenter kt-block-spacer-416_a54d03-80\"><div class=\"kt-block-spacer kt-block-spacer-halign-center\"><\/div><\/div>\n\n\n\n<p><strong>A vos marques, pr\u00eats, partez !<\/strong><\/p>\n<\/div><\/div>\n<\/div>\n<\/div><\/div>\n\n\n\n<div class=\"wp-block-kadence-column kadence-column38039_48a68a-36 kvs-sm-false\"><div class=\"kt-inside-inner-col\">\n<div class=\"wp-block-group is-nowrap is-layout-flex wp-container-core-group-is-layout-6c531013 wp-block-group-is-layout-flex\">\n<iframe src=\"https:\/\/play.bookagogo.ch\/book-map\" style=\"width: 100%; height: 100%; min-height: 500px\" frameBorder=\"0\" scrolling=\"no\"><\/iframe>\n\n\n\n<div class=\"wp-block-kadence-column kadence-column416_d71b00-02\"><div class=\"kt-inside-inner-col\">\n<p>En v\u00e9ritable D\u00e9tective, voici ta <strong>mission<\/strong> :<\/p>\n\n\n\n<ul class=\"wp-block-list\">\n<li>tu cherches des livres qui te plaisent<\/li>\n\n\n\n<li>et tu en caches pour les autres D\u00e9tectives<\/li>\n<\/ul>\n\n\n\n<p><em>Attention Sherlock : pour ne pas d\u00e9voiler tes cachettes trop facilement, tu peux cr\u00e9er un code secret. Ici, on fait marcher ses jambes et sa t\u00eate !!<\/em><\/p>\n\n\n\n<p>Plus tu caches de livres et plus tu en trouves, plus tu r\u00e9coltes des points sur ton compte, jusqu&#8217;\u00e0 atteindre le niveau EXPERT. Tu recevras alors un <strong>cadeau<\/strong> de ma part, et tu participeras \u00e0 un tirage au sort pour gagner un <strong>bapt\u00eame de l&#8217;air<\/strong> en h\u00e9licopt\u00e8re avec <a href=\"https:\/\/www.air-glaciers.ch\/\" target=\"_blank\" rel=\"noreferrer noopener\">Air-Glaciers<\/a>.<\/p>\n\n\n\n<p>Alors, on y va ? Il suffit de te cr\u00e9er un <strong>compte D\u00e9tective<\/strong> :<\/p>\n\n\n\n<div class=\"wp-block-buttons has-custom-font-size has-regular-font-size is-layout-flex wp-block-buttons-is-layout-flex\">\n<div class=\"wp-block-button has-custom-width wp-block-button__width-100\"><a class=\"wp-block-button__link has-body-text-background-color has-background wp-element-button\" href=\"https:\/\/play.bookagogo.ch\"> \ud83d\udc49\ud83c\udffb ici \ud83d\udc48\ud83c\udffb<\/a><\/div>\n<\/div>\n\n\n\n<div class=\"wp-block-kadence-spacer aligncenter kt-block-spacer-416_a54d03-80\"><div class=\"kt-block-spacer kt-block-spacer-halign-center\"><\/div><\/div>\n\n\n\n<p><strong>A vos marques, pr\u00eats, partez !<\/strong><\/p>\n<\/div><\/div>\n<\/div>\n<\/div><\/div>\n\n\n\n<div class=\"wp-block-kadence-column kadence-column38039_f14ebb-2e\"><div class=\"kt-inside-inner-col\"><div class=\"kb-row-layout-wrap kb-row-layout-id38039_3a7791-17 alignnone wp-block-kadence-rowlayout\"><div class=\"kt-row-column-wrap kt-has-3-columns kt-row-layout-equal kt-tab-layout-inherit kt-mobile-layout-row kt-row-valign-top\">\n\n<div class=\"wp-block-kadence-column kadence-column38039_e69ff3-f4\"><div class=\"kt-inside-inner-col\">\n<div class=\"wp-block-kadence-infobox kt-info-box38039_786605-71\"><span class=\"kt-blocks-info-box-link-wrap info-box-link kt-blocks-info-box-media-align-top kt-info-halign-center\"><div class=\"kt-blocks-info-box-media-container\"><div class=\"kt-blocks-info-box-media kt-info-media-animate-none\"><div class=\"kadence-info-box-icon-container kt-info-icon-animate-none\"><div class=\"kadence-info-box-icon-inner-container\"><span class=\"kb-svg-icon-wrap kb-svg-icon-fas_book kt-info-svg-icon\"><svg viewBox=\"0 0 448 512\"  fill=\"currentColor\" xmlns=\"http:\/\/www.w3.org\/2000\/svg\"  aria-hidden=\"true\"><path d=\"M448 360V24c0-13.3-10.7-24-24-24H96C43 0 0 43 0 96v320c0 53 43 96 96 96h328c13.3 0 24-10.7 24-24v-16c0-7.5-3.5-14.3-8.9-18.7-4.2-15.4-4.2-59.3 0-74.7 5.4-4.3 8.9-11.1 8.9-18.6zM128 134c0-3.3 2.7-6 6-6h212c3.3 0 6 2.7 6 6v20c0 3.3-2.7 6-6 6H134c-3.3 0-6-2.7-6-6v-20zm0 64c0-3.3 2.7-6 6-6h212c3.3 0 6 2.7 6 6v20c0 3.3-2.7 6-6 6H134c-3.3 0-6-2.7-6-6v-20zm253.4 250H96c-17.7 0-32-14.3-32-32 0-17.6 14.4-32 32-32h285.4c-1.9 17.1-1.9 46.9 0 64z\"\/><\/svg><\/span><\/div><\/div><\/div><\/div><div class=\"kt-infobox-textcontent\"><h3 class=\"kt-blocks-info-box-title\">Cache des livres<\/h3><p class=\"kt-blocks-info-box-text\">Enregistre ton livre, va le cacher dans la nature, puis donne des indices aux autres D\u00e9tectives pour le trouver.<\/p><\/div><\/span><\/div>\n<\/div><\/div>\n\n\n\n<div class=\"wp-block-kadence-column kadence-column38039_6a4ea4-bb\"><div class=\"kt-inside-inner-col\">\n<div class=\"wp-block-kadence-infobox kt-info-box38039_718550-e8\"><span class=\"kt-blocks-info-box-link-wrap info-box-link kt-blocks-info-box-media-align-top kt-info-halign-center\"><div class=\"kt-blocks-info-box-media-container\"><div class=\"kt-blocks-info-box-media kt-info-media-animate-none\"><div class=\"kadence-info-box-icon-container kt-info-icon-animate-none\"><div class=\"kadence-info-box-icon-inner-container\"><span class=\"kb-svg-icon-wrap kb-svg-icon-ic_glass kt-info-svg-icon\"><svg viewBox=\"0 0 8 8\"  fill=\"currentColor\" xmlns=\"http:\/\/www.w3.org\/2000\/svg\"  aria-hidden=\"true\"><path d=\"M3.5 0c-1.93 0-3.5 1.57-3.5 3.5s1.57 3.5 3.5 3.5c.59 0 1.17-.14 1.66-.41a1 1 0 0 0 .13.13l1 1a1.02 1.02 0 1 0 1.44-1.44l-1-1a1 1 0 0 0-.16-.13c.27-.49.44-1.06.44-1.66 0-1.93-1.57-3.5-3.5-3.5zm0 1c1.39 0 2.5 1.11 2.5 2.5 0 .66-.24 1.27-.66 1.72-.01.01-.02.02-.03.03a1 1 0 0 0-.13.13c-.44.4-1.04.63-1.69.63-1.39 0-2.5-1.11-2.5-2.5s1.11-2.5 2.5-2.5z\"\/><\/svg><\/span><\/div><\/div><\/div><\/div><div class=\"kt-infobox-textcontent\"><h3 class=\"kt-blocks-info-box-title\">Cherche des livres<\/h3><p class=\"kt-blocks-info-box-text\">Choisis un livre qui te plait pas loin de chez toi et file le chercher !<\/p><\/div><\/span><\/div>\n<\/div><\/div>\n\n\n\n<div class=\"wp-block-kadence-column kadence-column38039_bf219d-f4\"><div class=\"kt-inside-inner-col\">\n<div class=\"wp-block-kadence-infobox kt-info-box38039_a8ac8b-b2\"><span class=\"kt-blocks-info-box-link-wrap info-box-link kt-blocks-info-box-media-align-top kt-info-halign-center\"><div class=\"kt-blocks-info-box-media-container\"><div class=\"kt-blocks-info-box-media kt-info-media-animate-none\"><div class=\"kadence-info-box-icon-container kt-info-icon-animate-none\"><div class=\"kadence-info-box-icon-inner-container\"><span class=\"kb-svg-icon-wrap kb-svg-icon-fas_star kt-info-svg-icon\"><svg viewBox=\"0 0 576 512\"  fill=\"currentColor\" xmlns=\"http:\/\/www.w3.org\/2000\/svg\"  aria-hidden=\"true\"><path d=\"M259.3 17.8L194 150.2 47.9 171.5c-26.2 3.8-36.7 36.1-17.7 54.6l105.7 103-25 145.5c-4.5 26.3 23.2 46 46.4 33.7L288 439.6l130.7 68.7c23.2 12.2 50.9-7.4 46.4-33.7l-25-145.5 105.7-103c19-18.5 8.5-50.8-17.7-54.6L382 150.2 316.7 17.8c-11.7-23.6-45.6-23.9-57.4 0z\"\/><\/svg><\/span><\/div><\/div><\/div><\/div><div class=\"kt-infobox-textcontent\"><h3 class=\"kt-blocks-info-box-title\">Gagne des points<\/h3><p class=\"kt-blocks-info-box-text\">Plus tu caches de livres et plus tu en trouves, plus tu r\u00e9coltes des points sur ton compte.<\/p><\/div><\/span><\/div>\n<\/div><\/div>\n\n\n\n<div class=\"wp-block-kadence-column kadence-column38039_d33004-03\"><div class=\"kt-inside-inner-col\">\n<div class=\"wp-block-kadence-infobox kt-info-box38039_b3a6f6-61\"><span class=\"kt-blocks-info-box-link-wrap info-box-link kt-blocks-info-box-media-align-top kt-info-halign-center\"><div class=\"kt-blocks-info-box-media-container\"><div class=\"kt-blocks-info-box-media kt-info-media-animate-none\"><div class=\"kadence-info-box-icon-container kt-info-icon-animate-none\"><div class=\"kadence-info-box-icon-inner-container\"><span class=\"kb-svg-icon-wrap kb-svg-icon-fas_trophy kt-info-svg-icon\"><svg viewBox=\"0 0 576 512\"  fill=\"currentColor\" xmlns=\"http:\/\/www.w3.org\/2000\/svg\"  aria-hidden=\"true\"><path d=\"M552 64H448V24c0-13.3-10.7-24-24-24H152c-13.3 0-24 10.7-24 24v40H24C10.7 64 0 74.7 0 88v56c0 35.7 22.5 72.4 61.9 100.7 31.5 22.7 69.8 37.1 110 41.7C203.3 338.5 240 360 240 360v72h-48c-35.3 0-64 20.7-64 56v12c0 6.6 5.4 12 12 12h296c6.6 0 12-5.4 12-12v-12c0-35.3-28.7-56-64-56h-48v-72s36.7-21.5 68.1-73.6c40.3-4.6 78.6-19 110-41.7 39.3-28.3 61.9-65 61.9-100.7V88c0-13.3-10.7-24-24-24zM99.3 192.8C74.9 175.2 64 155.6 64 144v-16h64.2c1 32.6 5.8 61.2 12.8 86.2-15.1-5.2-29.2-12.4-41.7-21.4zM512 144c0 16.1-17.7 36.1-35.3 48.8-12.5 9-26.7 16.2-41.8 21.4 7-25 11.8-53.6 12.8-86.2H512v16z\"\/><\/svg><\/span><\/div><\/div><\/div><\/div><div class=\"kt-infobox-textcontent\"><h3 class=\"kt-blocks-info-box-title\">V\u00e9rifie ton classement <\/h3><p class=\"kt-blocks-info-box-text\">Compare ton score avec ceux des autres d\u00e9tectives.<\/p><\/div><\/span><\/div>\n<\/div><\/div>\n\n\n\n<div class=\"wp-block-kadence-column kadence-column38039_fbab20-0c\"><div class=\"kt-inside-inner-col\">\n<div class=\"wp-block-kadence-infobox kt-info-box38039_e8d286-af\"><span class=\"kt-blocks-info-box-link-wrap info-box-link kt-blocks-info-box-media-align-top kt-info-halign-center\"><div class=\"kt-blocks-info-box-media-container\"><div class=\"kt-blocks-info-box-media kt-info-media-animate-none\"><div class=\"kadence-info-box-icon-container kt-info-icon-animate-none\"><div class=\"kadence-info-box-icon-inner-container\"><span class=\"kb-svg-icon-wrap kb-svg-icon-fas_user-secret kt-info-svg-icon\"><svg viewBox=\"0 0 448 512\"  fill=\"currentColor\" xmlns=\"http:\/\/www.w3.org\/2000\/svg\"  aria-hidden=\"true\"><path d=\"M383.9 308.3l23.9-62.6c4-10.5-3.7-21.7-15-21.7h-58.5c11-18.9 17.8-40.6 17.8-64v-.3c39.2-7.8 64-19.1 64-31.7 0-13.3-27.3-25.1-70.1-33-9.2-32.8-27-65.8-40.6-82.8-9.5-11.9-25.9-15.6-39.5-8.8l-27.6 13.8c-9 4.5-19.6 4.5-28.6 0L182.1 3.4c-13.6-6.8-30-3.1-39.5 8.8-13.5 17-31.4 50-40.6 82.8-42.7 7.9-70 19.7-70 33 0 12.6 24.8 23.9 64 31.7v.3c0 23.4 6.8 45.1 17.8 64H56.3c-11.5 0-19.2 11.7-14.7 22.3l25.8 60.2C27.3 329.8 0 372.7 0 422.4v44.8C0 491.9 20.1 512 44.8 512h358.4c24.7 0 44.8-20.1 44.8-44.8v-44.8c0-48.4-25.8-90.4-64.1-114.1zM176 480l-41.6-192 49.6 32 24 40-32 120zm96 0l-32-120 24-40 49.6-32L272 480zm41.7-298.5c-3.9 11.9-7 24.6-16.5 33.4-10.1 9.3-48 22.4-64-25-2.8-8.4-15.4-8.4-18.3 0-17 50.2-56 32.4-64 25-9.5-8.8-12.7-21.5-16.5-33.4-.8-2.5-6.3-5.7-6.3-5.8v-10.8c28.3 3.6 61 5.8 96 5.8s67.7-2.1 96-5.8v10.8c-.1.1-5.6 3.2-6.4 5.8z\"\/><\/svg><\/span><\/div><\/div><\/div><\/div><div class=\"kt-infobox-textcontent\"><h3 class=\"kt-blocks-info-box-title\">Deviens un Expert<\/h3><p class=\"kt-blocks-info-box-text\">Gravis les \u00e9chelons et deviens un D\u00e9tective Confirm\u00e9, puis un D\u00e9tective Expert.<\/p><\/div><\/span><\/div>\n<\/div><\/div>\n\n\n\n<div class=\"wp-block-kadence-column kadence-column38039_86f62b-2b\"><div class=\"kt-inside-inner-col\">\n<div class=\"wp-block-kadence-infobox kt-info-box38039_d7fb59-d0\"><span class=\"kt-blocks-info-box-link-wrap info-box-link kt-blocks-info-box-media-align-top kt-info-halign-center\"><div class=\"kt-blocks-info-box-media-container\"><div class=\"kt-blocks-info-box-media kt-info-media-animate-none\"><div class=\"kadence-info-box-icon-container kt-info-icon-animate-none\"><div class=\"kadence-info-box-icon-inner-container\"><span class=\"kb-svg-icon-wrap kb-svg-icon-fe_gift kt-info-svg-icon\"><svg viewBox=\"0 0 24 24\"  fill=\"none\" stroke=\"currentColor\" stroke-width=\"2\" stroke-linecap=\"round\" stroke-linejoin=\"round\" xmlns=\"http:\/\/www.w3.org\/2000\/svg\"  aria-hidden=\"true\"><polyline points=\"20 12 20 22 4 22 4 12\"\/><rect x=\"2\" y=\"7\" width=\"20\" height=\"5\"\/><line x1=\"12\" y1=\"22\" x2=\"12\" y2=\"7\"\/><path d=\"M12 7H7.5a2.5 2.5 0 0 1 0-5C11 2 12 7 12 7z\"\/><path d=\"M12 7h4.5a2.5 2.5 0 0 0 0-5C13 2 12 7 12 7z\"\/><\/svg><\/span><\/div><\/div><\/div><\/div><div class=\"kt-infobox-textcontent\"><h3 class=\"kt-blocks-info-box-title\">Gagne un cadeau<\/h3><p class=\"kt-blocks-info-box-text\">Lorsque tu atteins le niveau D\u00e9tective Expert, re\u00e7ois un cadeau de l&#8217;auteure.<\/p><\/div><\/span><\/div>\n<\/div><\/div>\n\n<\/div><\/div>\n\n\n<div class=\"wp-block-kadence-spacer aligncenter kt-block-spacer-38039_10c2f2-ee\"><div class=\"kt-block-spacer kt-block-spacer-halign-center\"><hr class=\"kt-divider\"\/><\/div><\/div>\n<\/div><\/div>\n","protected":false},"excerpt":{"rendered":"<p>Pars \u00e0 la chasse aux livres ! Un jeu grandeur nature et gratuit<\/p>\n","protected":false},"author":1,"featured_media":0,"parent":0,"menu_order":0,"comment_status":"closed","ping_status":"closed","template":"wp-custom-template-bookagogo-page-templage","meta":{"inline_featured_image":false,"_monsterinsights_skip_tracking":false,"_monsterinsights_sitenote_active":false,"_monsterinsights_sitenote_note":"","_monsterinsights_sitenote_category":0,"_kadence_starter_templates_imported_post":false,"footnotes":""},"class_list":["post-13","page","type-page","status-publish","hentry"],"_links":{"self":[{"href":"https:\/\/natachafarquet.ch\/index.php\/wp-json\/wp\/v2\/pages\/13","targetHints":{"allow":["GET"]}}],"collection":[{"href":"https:\/\/natachafarquet.ch\/index.php\/wp-json\/wp\/v2\/pages"}],"about":[{"href":"https:\/\/natachafarquet.ch\/index.php\/wp-json\/wp\/v2\/types\/page"}],"author":[{"embeddable":true,"href":"https:\/\/natachafarquet.ch\/index.php\/wp-json\/wp\/v2\/users\/1"}],"replies":[{"embeddable":true,"href":"https:\/\/natachafarquet.ch\/index.php\/wp-json\/wp\/v2\/comments?post=13"}],"version-history":[{"count":105,"href":"https:\/\/natachafarquet.ch\/index.php\/wp-json\/wp\/v2\/pages\/13\/revisions"}],"predecessor-version":[{"id":429,"href":"https:\/\/natachafarquet.ch\/index.php\/wp-json\/wp\/v2\/pages\/13\/revisions\/429"}],"wp:attachment":[{"href":"https:\/\/natachafarquet.ch\/index.php\/wp-json\/wp\/v2\/media?parent=13"}],"curies":[{"name":"wp","href":"https:\/\/api.w.org\/{rel}","templated":true}]}}