{"id":12,"date":"2024-02-28T15:10:52","date_gmt":"2024-02-28T15:10:52","guid":{"rendered":"https:\/\/bookagogo.ch\/?page_id=12"},"modified":"2026-03-01T11:17:08","modified_gmt":"2026-03-01T10:17:08","slug":"livres","status":"publish","type":"page","link":"https:\/\/natachafarquet.ch\/index.php\/livres\/","title":{"rendered":"Livres"},"content":{"rendered":"\n<div class=\"wp-block-media-text is-stacked-on-mobile\" style=\"grid-template-columns:24% auto\"><figure class=\"wp-block-media-text__media\"><img loading=\"lazy\" decoding=\"async\" width=\"683\" height=\"1024\" src=\"https:\/\/natachafarquet.ch\/wp-content\/uploads\/2024\/03\/bapteme-683x1024.jpg\" alt=\"Graine de Secouriste - Bapt\u00eame de l'air\" class=\"wp-image-66 size-full\" srcset=\"https:\/\/natachafarquet.ch\/wp-content\/uploads\/2024\/03\/bapteme-683x1024.jpg 683w, https:\/\/natachafarquet.ch\/wp-content\/uploads\/2024\/03\/bapteme-200x300.jpg 200w, https:\/\/natachafarquet.ch\/wp-content\/uploads\/2024\/03\/bapteme-768x1152.jpg 768w, https:\/\/natachafarquet.ch\/wp-content\/uploads\/2024\/03\/bapteme-1024x1536.jpg 1024w, https:\/\/natachafarquet.ch\/wp-content\/uploads\/2024\/03\/bapteme-1365x2048.jpg 1365w, https:\/\/natachafarquet.ch\/wp-content\/uploads\/2024\/03\/bapteme-scaled.jpg 1707w\" sizes=\"auto, (max-width: 683px) 100vw, 683px\" \/><\/figure><div class=\"wp-block-media-text__content\">\n<h3 class=\"wp-block-heading\">Graine de Secouriste<\/h3>\n\n\n\n<h5 class=\"wp-block-heading\">Tome 1 : Bapt\u00eame de l&#8217;air<\/h5>\n\n\n\n<p>Le jour de ses dix ans, Julie se retrouve embarqu\u00e9e par sa marraine, pilote d\u2019h\u00e9licopt\u00e8re, en mission de sauvetage. La jeune fille laisse sa timidit\u00e9 s\u2019envoler pour venir en aide aux victimes et impressionne l\u2019\u00e9quipe de secouristes. Cette exp\u00e9rience hors du commun changera-t-elle sa vie ?<\/p>\n\n\n\n<p><strong>Une s\u00e9rie, inspir\u00e9e d\u2019histoires vraies, pour s\u2019initier aux premiers secours, en partenariat avec la compagnie a\u00e9rienne de sauvetage Air-Glaciers.<\/strong><\/p>\n\n\n\n<div class=\"wp-block-buttons is-layout-flex wp-block-buttons-is-layout-flex\">\n<div class=\"wp-block-button\"><a class=\"wp-block-button__link wp-element-button\" href=\"https:\/\/www.air-glaciers.ch\/hikashop-menu-for-brands-listing\/product\/295-graine-de-secouriste-bapteme-de-l-air\" target=\"_blank\" rel=\"noreferrer noopener\">Acheter chez Air-Glaciers<\/a><\/div>\n<\/div>\n\n\n\n<p><strong>Pourquoi Graine de Secouriste ?<\/strong> Pour que toi, jeune lecteur ou lectrice, tu oses porter secours. Il n\u2019y a pas d\u2019\u00e2ge pour sauver une vie, chaque petit geste compte !<\/p>\n<\/div><\/div>\n\n\n\n<div class=\"wp-block-media-text is-stacked-on-mobile\" style=\"grid-template-columns:24% auto\"><figure class=\"wp-block-media-text__media\"><img loading=\"lazy\" decoding=\"async\" width=\"683\" height=\"1024\" src=\"https:\/\/natachafarquet.ch\/wp-content\/uploads\/2024\/12\/graine_secouriste_tome_2-683x1024.jpg\" alt=\"\" class=\"wp-image-451 size-full\" srcset=\"https:\/\/natachafarquet.ch\/wp-content\/uploads\/2024\/12\/graine_secouriste_tome_2-683x1024.jpg 683w, https:\/\/natachafarquet.ch\/wp-content\/uploads\/2024\/12\/graine_secouriste_tome_2-200x300.jpg 200w, https:\/\/natachafarquet.ch\/wp-content\/uploads\/2024\/12\/graine_secouriste_tome_2-768x1152.jpg 768w, https:\/\/natachafarquet.ch\/wp-content\/uploads\/2024\/12\/graine_secouriste_tome_2-1024x1536.jpg 1024w, https:\/\/natachafarquet.ch\/wp-content\/uploads\/2024\/12\/graine_secouriste_tome_2-1365x2048.jpg 1365w, https:\/\/natachafarquet.ch\/wp-content\/uploads\/2024\/12\/graine_secouriste_tome_2-scaled.jpg 1707w\" sizes=\"auto, (max-width: 683px) 100vw, 683px\" \/><\/figure><div class=\"wp-block-media-text__content\">\n<h3 class=\"wp-block-heading\">Graine de Secouriste<\/h3>\n\n\n\n<h5 class=\"wp-block-heading\">Tome 2 : Accident en montagne<\/h5>\n\n\n\n<p>La classe de Julie est ravie de partir en balade dans la vall\u00e9e de Lauterbrunnen, mais un accident<br>bouleverse la sortie. Max est en danger. Notre secouriste en herbe prend son courage \u00e0 deux mains pour porter secours \u00e0 son camarade, au p\u00e9ril de sa vie. Cette m\u00e9saventure rapprochera-t-elle les deux enfants ?<\/p>\n\n\n\n<p><strong>Une s\u00e9rie, inspir\u00e9e d\u2019histoires vraies, pour s\u2019initier aux premiers secours, en partenariat avec la compagnie a\u00e9rienne de sauvetage Air-Glaciers.<\/strong><\/p>\n\n\n\n<div class=\"wp-block-buttons is-layout-flex wp-block-buttons-is-layout-flex\">\n<div class=\"wp-block-button\"><a class=\"wp-block-button__link wp-element-button\" href=\"https:\/\/www.air-glaciers.ch\/component\/hikashop\/product\/327-graine-de-secouriste-accident-en-montagne-tome-2\">Acheter chez Air-Glaciers<\/a><\/div>\n<\/div>\n\n\n\n<p><strong>Pourquoi Graine de Secouriste ?<\/strong> Pour que toi, jeune lecteur ou lectrice, tu oses porter secours. Il n\u2019y a pas d\u2019\u00e2ge pour sauver une vie, chaque petit geste compte !<\/p>\n<\/div><\/div>\n\n\n\n<div class=\"wp-block-media-text is-stacked-on-mobile\" style=\"grid-template-columns:24% auto\"><figure class=\"wp-block-media-text__media\"><img loading=\"lazy\" decoding=\"async\" width=\"684\" height=\"1024\" src=\"https:\/\/natachafarquet.ch\/wp-content\/uploads\/2025\/10\/gds_tome3-684x1024.jpg\" alt=\"\" class=\"wp-image-649 size-full\" srcset=\"https:\/\/natachafarquet.ch\/wp-content\/uploads\/2025\/10\/gds_tome3-684x1024.jpg 684w, https:\/\/natachafarquet.ch\/wp-content\/uploads\/2025\/10\/gds_tome3-200x300.jpg 200w, https:\/\/natachafarquet.ch\/wp-content\/uploads\/2025\/10\/gds_tome3-768x1150.jpg 768w, https:\/\/natachafarquet.ch\/wp-content\/uploads\/2025\/10\/gds_tome3-1026x1536.jpg 1026w, https:\/\/natachafarquet.ch\/wp-content\/uploads\/2025\/10\/gds_tome3-1368x2048.jpg 1368w, https:\/\/natachafarquet.ch\/wp-content\/uploads\/2025\/10\/gds_tome3-scaled.jpg 1710w\" sizes=\"auto, (max-width: 684px) 100vw, 684px\" \/><\/figure><div class=\"wp-block-media-text__content\">\n<h3 class=\"wp-block-heading\">Graine de Secouriste<\/h3>\n\n\n\n<h5 class=\"wp-block-heading\">Tome 3 : Avalanche<\/h5>\n\n\n\n<p>Ce samedi, Julie accompagne les secouristes d\u2019Air-Glaciers \u00e0 bord de<br>l\u2019h\u00e9licopt\u00e8re de sauvetage. Elle adore \u00e7a !<br>Mais une avalanche bouleverse la sortie. Un skieur est port\u00e9 disparu. Chaque minute compte : secouristes et chiens d\u2019avalanche vont donner leur maximum pour le retrouver. Parviendront-ils \u00e0 sauver la victime ?<\/p>\n\n\n\n<p><strong>Une s\u00e9rie, inspir\u00e9e d\u2019histoires vraies, pour s\u2019initier aux premiers secours, en partenariat avec la compagnie a\u00e9rienne de sauvetage Air-Glaciers.<\/strong><\/p>\n\n\n\n<div class=\"wp-block-buttons is-layout-flex wp-block-buttons-is-layout-flex\">\n<div class=\"wp-block-button\"><a class=\"wp-block-button__link wp-element-button\" href=\"https:\/\/60.air-glaciers.ch\/shop\/graine-de-secouriste-3-avalanche-599\">Acheter chez Air-Glaciers<\/a><\/div>\n<\/div>\n\n\n\n<p><strong>Pourquoi Graine de Secouriste ?<\/strong> Pour que toi, jeune lecteur ou lectrice, tu oses porter secours. Il n\u2019y a pas d\u2019\u00e2ge pour sauver une vie, chaque petit geste compte !<\/p>\n<\/div><\/div>\n\n\n\n<div class=\"wp-block-media-text is-stacked-on-mobile\" style=\"grid-template-columns:24% auto\"><figure class=\"wp-block-media-text__media\"><img loading=\"lazy\" decoding=\"async\" width=\"679\" height=\"1024\" src=\"https:\/\/natachafarquet.ch\/wp-content\/uploads\/2026\/03\/9782365089883-679x1024.jpg\" alt=\"\" class=\"wp-image-663 size-full\" srcset=\"https:\/\/natachafarquet.ch\/wp-content\/uploads\/2026\/03\/9782365089883-679x1024.jpg 679w, https:\/\/natachafarquet.ch\/wp-content\/uploads\/2026\/03\/9782365089883-199x300.jpg 199w, https:\/\/natachafarquet.ch\/wp-content\/uploads\/2026\/03\/9782365089883-768x1158.jpg 768w, https:\/\/natachafarquet.ch\/wp-content\/uploads\/2026\/03\/9782365089883-1018x1536.jpg 1018w, https:\/\/natachafarquet.ch\/wp-content\/uploads\/2026\/03\/9782365089883-1358x2048.jpg 1358w, https:\/\/natachafarquet.ch\/wp-content\/uploads\/2026\/03\/9782365089883-scaled.jpg 1697w\" sizes=\"auto, (max-width: 679px) 100vw, 679px\" \/><\/figure><div class=\"wp-block-media-text__content\">\n<h3 class=\"wp-block-heading\">Graine de Secouriste<\/h3>\n\n\n\n<h5 class=\"wp-block-heading\">Tome 4 : Frissons en altitude<\/h5>\n\n\n\n<p>Un week-end en haute montagne attend Julie en compagnie de Max et de son p\u00e8re, alpiniste confirm\u00e9. Randonn\u00e9es, nuit en cabane, descente dans une crevasse&#8230; Quelle aventure !<br>Mais la montagne est un lieu o\u00f9 il faut rester sur ses gardes&#8230; Julie voit un homme tomber alors qu&#8217;il escaladait une paroi rocheuse. Le malheureux pourra-t-il \u00eatre secouru ?<\/p>\n\n\n\n<p><strong>Une s\u00e9rie, inspir\u00e9e d\u2019histoires vraies, pour s\u2019initier aux premiers secours, en partenariat avec la compagnie a\u00e9rienne de sauvetage Air-Glaciers.<\/strong><\/p>\n\n\n\n<div class=\"wp-block-buttons is-layout-flex wp-block-buttons-is-layout-flex\">\n<div class=\"wp-block-button\"><a class=\"wp-block-button__link wp-element-button\">Sortie en mars 2026<\/a><\/div>\n<\/div>\n\n\n\n<p><strong>Pourquoi Graine de Secouriste ?<\/strong> Pour que toi, jeune lecteur ou lectrice, tu oses porter secours. Il n\u2019y a pas d\u2019\u00e2ge pour sauver une vie, chaque petit geste compte !<\/p>\n<\/div><\/div>\n\n\n\n<div class=\"wp-block-kadence-spacer aligncenter kt-block-spacer-12_778680-ee\"><div class=\"kt-block-spacer kt-block-spacer-halign-center\"><hr class=\"kt-divider\"\/><\/div><\/div>\n\n\n\n<div class=\"wp-block-media-text is-stacked-on-mobile\" style=\"grid-template-columns:24% auto\"><figure class=\"wp-block-media-text__media\"><img loading=\"lazy\" decoding=\"async\" width=\"756\" height=\"1024\" src=\"https:\/\/natachafarquet.ch\/wp-content\/uploads\/2024\/03\/balades-756x1024.jpg\" alt=\"\" class=\"wp-image-67 size-full\" srcset=\"https:\/\/natachafarquet.ch\/wp-content\/uploads\/2024\/03\/balades-756x1024.jpg 756w, https:\/\/natachafarquet.ch\/wp-content\/uploads\/2024\/03\/balades-222x300.jpg 222w, https:\/\/natachafarquet.ch\/wp-content\/uploads\/2024\/03\/balades-768x1040.jpg 768w, https:\/\/natachafarquet.ch\/wp-content\/uploads\/2024\/03\/balades-1134x1536.jpg 1134w, https:\/\/natachafarquet.ch\/wp-content\/uploads\/2024\/03\/balades.jpg 1236w\" sizes=\"auto, (max-width: 756px) 100vw, 756px\" \/><\/figure><div class=\"wp-block-media-text__content\">\n<h3 class=\"wp-block-heading\">12 Balades-Enqu\u00eates avec Ma\u00eblys<\/h3>\n\n\n\n<h5 class=\"wp-block-heading\">Visite la Suisse en famille<\/h5>\n\n\n\n<p>Tu veux d\u00e9couvrir la Suisse avec tes h\u00e9ros pr\u00e9f\u00e9r\u00e9s ?<\/p>\n\n\n\n<p>C&#8217;est partiii ! M\u00e8ne 12 enqu\u00eates avec Ma\u00eblys et r\u00e9sous des \u00e9nigmes captivantes tout en te promenant avec ta famille ou tes amis !<\/p>\n\n\n\n<p>Co\u00e9crit avec <strong>Christine Pomp\u00e9\u00ef<\/strong>.<\/p>\n\n\n\n<div class=\"wp-block-buttons is-layout-flex wp-block-buttons-is-layout-flex\">\n<div class=\"wp-block-button\"><a class=\"wp-block-button__link wp-element-button\" href=\"https:\/\/www.payot.ch\/Detail\/le_guide_des_enquetes_de_maelys-christine_pompei-9782365087575?cId=0\" target=\"_blank\" rel=\"noreferrer noopener\">Acheter chez Payot<\/a><\/div>\n<\/div>\n<\/div><\/div>\n\n\n\n<div class=\"wp-block-media-text is-stacked-on-mobile\" style=\"grid-template-columns:24% auto\"><figure class=\"wp-block-media-text__media\"><img loading=\"lazy\" decoding=\"async\" width=\"659\" height=\"1024\" src=\"https:\/\/natachafarquet.ch\/wp-content\/uploads\/2024\/08\/monstre_lac_souterrain-659x1024.jpg\" alt=\"\" class=\"wp-image-443 size-full\" srcset=\"https:\/\/natachafarquet.ch\/wp-content\/uploads\/2024\/08\/monstre_lac_souterrain-659x1024.jpg 659w, https:\/\/natachafarquet.ch\/wp-content\/uploads\/2024\/08\/monstre_lac_souterrain-193x300.jpg 193w, https:\/\/natachafarquet.ch\/wp-content\/uploads\/2024\/08\/monstre_lac_souterrain-768x1194.jpg 768w, https:\/\/natachafarquet.ch\/wp-content\/uploads\/2024\/08\/monstre_lac_souterrain-988x1536.jpg 988w, https:\/\/natachafarquet.ch\/wp-content\/uploads\/2024\/08\/monstre_lac_souterrain.jpg 1200w\" sizes=\"auto, (max-width: 659px) 100vw, 659px\" \/><\/figure><div class=\"wp-block-media-text__content\">\n<h3 class=\"wp-block-heading\">Horreur suisse<\/h3>\n\n\n\n<h5 class=\"wp-block-heading\">Le Monstre du Lac souterrain<\/h5>\n\n\n\n<p>Un concert nocturne priv\u00e9 a lieu sur le lac souterrain de Saint-L\u00e9onard. Alice et Colin, 13 ans, ont pour mission de guider les artistes et une famille venue assister au spectacle. Mais, soudain, la terre se met \u00e0 trembler. La vo\u00fbte d&#8217;acc\u00e8s au lac s&#8217;effondre, plongeant la grotte de l&#8217;obscurit\u00e9. Onze personnes se retrouvent prisonni\u00e8res. Les deux adolescents entra\u00eenent alors le groupe dans des galeries souterraines, \u00e0 la recherche d&#8217;une sortie.<\/p>\n\n\n\n<p>Tr\u00e8s vite, ils vont comprendre qu\u2019ils ne sont pas seuls. Une horrible cr\u00e9ature r\u00f4de\u2026<\/p>\n\n\n\n<div class=\"wp-block-buttons is-layout-flex wp-block-buttons-is-layout-flex\">\n<div class=\"wp-block-button\"><a class=\"wp-block-button__link wp-element-button\" href=\"https:\/\/www.payot.ch\/Detail\/le_monstre_du_lac_souterrain-natacha_farquet-9782365087827?cId=0\" target=\"_blank\" rel=\"noreferrer noopener\">Acheter chez Payot<\/a><\/div>\n<\/div>\n<\/div><\/div>\n\n\n\n<div class=\"wp-block-kadence-spacer aligncenter kt-block-spacer-12_7e8efa-30\"><div class=\"kt-block-spacer kt-block-spacer-halign-center\"><hr class=\"kt-divider\"\/><\/div><\/div>\n\n\n\n<div class=\"wp-block-media-text is-stacked-on-mobile\" style=\"grid-template-columns:24% auto\"><figure class=\"wp-block-media-text__media\"><img loading=\"lazy\" decoding=\"async\" width=\"671\" height=\"1024\" src=\"https:\/\/natachafarquet.ch\/wp-content\/uploads\/2024\/03\/nolan_alba-671x1024.jpg\" alt=\"\" class=\"wp-image-448 size-full\" srcset=\"https:\/\/natachafarquet.ch\/wp-content\/uploads\/2024\/03\/nolan_alba-671x1024.jpg 671w, https:\/\/natachafarquet.ch\/wp-content\/uploads\/2024\/03\/nolan_alba-197x300.jpg 197w, https:\/\/natachafarquet.ch\/wp-content\/uploads\/2024\/03\/nolan_alba-768x1172.jpg 768w, https:\/\/natachafarquet.ch\/wp-content\/uploads\/2024\/03\/nolan_alba-1007x1536.jpg 1007w, https:\/\/natachafarquet.ch\/wp-content\/uploads\/2024\/03\/nolan_alba-1343x2048.jpg 1343w, https:\/\/natachafarquet.ch\/wp-content\/uploads\/2024\/03\/nolan_alba-scaled.jpg 1678w\" sizes=\"auto, (max-width: 671px) 100vw, 671px\" \/><\/figure><div class=\"wp-block-media-text__content\">\n<h3 class=\"wp-block-heading\">Nolan et Alba<\/h3>\n\n\n\n<h5 class=\"wp-block-heading\">Tome 1 : Mon amie saint-bernard<\/h5>\n\n\n\n<p>Nolan est un petit gar\u00e7on timide qui a de la peine \u00e0 parler. Alba est une adorable<br>chienne saint-bernard pleine d&#8217;affection. Leur rencontre, \u00e0 l&#8217;occasion d&#8217;une sortie<br>de classe \u00e0 Barryland, va changer leur vie. Le d\u00e9but d&#8217;une belle amiti\u00e9 !<\/p>\n\n\n\n<p><strong>Une s\u00e9rie en partenariat avec la Fondation Barry.<\/strong><\/p>\n\n\n\n<div class=\"wp-block-buttons is-layout-flex wp-block-buttons-is-layout-flex\">\n<div class=\"wp-block-button\"><a class=\"wp-block-button__link wp-element-button\" href=\"https:\/\/barryshop.ch\/collections\/lire-dessiner\/products\/livre-nolan-et-alban\" target=\"_blank\" rel=\"noreferrer noopener\">Acheter chez Barry Shop<\/a><\/div>\n<\/div>\n<\/div><\/div>\n\n\n\n<div class=\"wp-block-media-text is-stacked-on-mobile\" style=\"grid-template-columns:24% auto\"><figure class=\"wp-block-media-text__media\"><img loading=\"lazy\" decoding=\"async\" width=\"684\" height=\"1024\" src=\"https:\/\/natachafarquet.ch\/wp-content\/uploads\/2026\/03\/9782365089869-684x1024.jpg\" alt=\"\" class=\"wp-image-666 size-full\" srcset=\"https:\/\/natachafarquet.ch\/wp-content\/uploads\/2026\/03\/9782365089869-684x1024.jpg 684w, https:\/\/natachafarquet.ch\/wp-content\/uploads\/2026\/03\/9782365089869-200x300.jpg 200w, https:\/\/natachafarquet.ch\/wp-content\/uploads\/2026\/03\/9782365089869-768x1150.jpg 768w, https:\/\/natachafarquet.ch\/wp-content\/uploads\/2026\/03\/9782365089869-1026x1536.jpg 1026w, https:\/\/natachafarquet.ch\/wp-content\/uploads\/2026\/03\/9782365089869-1367x2048.jpg 1367w, https:\/\/natachafarquet.ch\/wp-content\/uploads\/2026\/03\/9782365089869-scaled.jpg 1709w\" sizes=\"auto, (max-width: 684px) 100vw, 684px\" \/><\/figure><div class=\"wp-block-media-text__content\">\n<h3 class=\"wp-block-heading\">Nolan et Alba<\/h3>\n\n\n\n<h5 class=\"wp-block-heading\">Tome 2 : Aventure en montagne<\/h5>\n\n\n\n<p>Les ins\u00e9parables Nolan et Alba se rendent au col du Grand-Saint-Bernard. La chienne y retrouve ses semblables : une douzaine de saint-bernards passant l&#8217;\u00e9t\u00e9 au chenil. Nolan fait aussi la connaissance de Bernike, une fille diff\u00e9rente et si attachante.<br>Une journ\u00e9e pleine de surprises !<\/p>\n\n\n\n<p><strong>Une s\u00e9rie en partenariat avec la Fondation Barry.<\/strong><\/p>\n\n\n\n<div class=\"wp-block-buttons is-layout-flex wp-block-buttons-is-layout-flex\">\n<div class=\"wp-block-button\"><a class=\"wp-block-button__link wp-element-button\">Sortie en mars 2026<\/a><\/div>\n<\/div>\n<\/div><\/div>\n\n\n\n<div class=\"wp-block-kadence-spacer aligncenter kt-block-spacer-12_005799-45\"><div class=\"kt-block-spacer kt-block-spacer-halign-center\"><hr class=\"kt-divider\"\/><\/div><\/div>\n\n\n\n<div class=\"wp-block-media-text is-stacked-on-mobile\" style=\"grid-template-columns:24% auto\"><figure class=\"wp-block-media-text__media\"><img loading=\"lazy\" decoding=\"async\" width=\"678\" height=\"1024\" src=\"https:\/\/natachafarquet.ch\/wp-content\/uploads\/2025\/03\/9782365088039-678x1024.jpg\" alt=\"\" class=\"wp-image-553 size-full\" srcset=\"https:\/\/natachafarquet.ch\/wp-content\/uploads\/2025\/03\/9782365088039-678x1024.jpg 678w, https:\/\/natachafarquet.ch\/wp-content\/uploads\/2025\/03\/9782365088039-199x300.jpg 199w, https:\/\/natachafarquet.ch\/wp-content\/uploads\/2025\/03\/9782365088039-768x1160.jpg 768w, https:\/\/natachafarquet.ch\/wp-content\/uploads\/2025\/03\/9782365088039-1017x1536.jpg 1017w, https:\/\/natachafarquet.ch\/wp-content\/uploads\/2025\/03\/9782365088039.jpg 1228w\" sizes=\"auto, (max-width: 678px) 100vw, 678px\" \/><\/figure><div class=\"wp-block-media-text__content\">\n<h3 class=\"wp-block-heading\">Frissons suisses<\/h3>\n\n\n\n<h5 class=\"wp-block-heading\">La D\u00e9pouille glaciaire<\/h5>\n\n\n\n<p>Un corps momifi\u00e9 est retrouv\u00e9 sur le glacier de Moiry, lib\u00e9r\u00e9 par la fonte des glaces. Sarah, une adolescente qui n\u2019a pas froid aux yeux, a l\u2019occasion d\u2019accompagner son oncle policier sur les lieux de la macabre d\u00e9couverte. Mais avant que la m\u00e9decin l\u00e9giste ne proc\u00e8de \u00e0 son identification, le corps dispara\u00eet\u2026 Sarah embarque aussit\u00f4t son cousin et une camarade de classe \u00e0 sa recherche.<\/p>\n\n\n\n<p>Une enqu\u00eate glaciale attend nos trois intr\u00e9pides, d\u00e9termin\u00e9s \u00e0 percer les secrets de la momie.<\/p>\n\n\n\n<div class=\"wp-block-buttons is-layout-flex wp-block-buttons-is-layout-flex\">\n<div class=\"wp-block-button\"><a class=\"wp-block-button__link wp-element-button\" href=\"https:\/\/www.payot.ch\/Detail\/la_depouille_glaciaire-natacha_farquet__david_chapoulet-9782365088039\" target=\"_blank\" rel=\"noreferrer noopener\">Acheter chez Payot<\/a><\/div>\n<\/div>\n<\/div><\/div>\n\n\n\n<p><\/p>\n","protected":false},"excerpt":{"rendered":"","protected":false},"author":1,"featured_media":0,"parent":0,"menu_order":0,"comment_status":"closed","ping_status":"closed","template":"","meta":{"inline_featured_image":false,"_monsterinsights_skip_tracking":false,"_monsterinsights_sitenote_active":false,"_monsterinsights_sitenote_note":"","_monsterinsights_sitenote_category":0,"_kadence_starter_templates_imported_post":false,"footnotes":""},"class_list":["post-12","page","type-page","status-publish","hentry"],"_links":{"self":[{"href":"https:\/\/natachafarquet.ch\/index.php\/wp-json\/wp\/v2\/pages\/12","targetHints":{"allow":["GET"]}}],"collection":[{"href":"https:\/\/natachafarquet.ch\/index.php\/wp-json\/wp\/v2\/pages"}],"about":[{"href":"https:\/\/natachafarquet.ch\/index.php\/wp-json\/wp\/v2\/types\/page"}],"author":[{"embeddable":true,"href":"https:\/\/natachafarquet.ch\/index.php\/wp-json\/wp\/v2\/users\/1"}],"replies":[{"embeddable":true,"href":"https:\/\/natachafarquet.ch\/index.php\/wp-json\/wp\/v2\/comments?post=12"}],"version-history":[{"count":37,"href":"https:\/\/natachafarquet.ch\/index.php\/wp-json\/wp\/v2\/pages\/12\/revisions"}],"predecessor-version":[{"id":667,"href":"https:\/\/natachafarquet.ch\/index.php\/wp-json\/wp\/v2\/pages\/12\/revisions\/667"}],"wp:attachment":[{"href":"https:\/\/natachafarquet.ch\/index.php\/wp-json\/wp\/v2\/media?parent=12"}],"curies":[{"name":"wp","href":"https:\/\/api.w.org\/{rel}","templated":true}]}}